{"id":744,"date":"2020-05-22T07:23:15","date_gmt":"2020-05-22T06:23:15","guid":{"rendered":"https:\/\/lauragraham.co.uk\/biografia\/"},"modified":"2025-07-15T07:20:49","modified_gmt":"2025-07-15T06:20:49","slug":"biografia","status":"publish","type":"page","link":"https:\/\/lauragraham.co.uk\/it\/biografia\/","title":{"rendered":"Biografia"},"content":{"rendered":"\t\t<div data-elementor-type=\"wp-page\" data-elementor-id=\"744\" class=\"elementor elementor-744 elementor-9\" data-elementor-post-type=\"page\">\n\t\t\t\t\t\t<section class=\"elementor-section elementor-top-section elementor-element elementor-element-79db294f elementor-section-content-middle elementor-section-boxed elementor-section-height-default elementor-section-height-default\" data-id=\"79db294f\" data-element_type=\"section\" data-settings=\"{&quot;background_background&quot;:&quot;classic&quot;}\">\n\t\t\t\t\t\t<div class=\"elementor-container elementor-column-gap-no\">\n\t\t\t\t\t<div class=\"elementor-column elementor-col-100 elementor-top-column elementor-element elementor-element-57ec3e29\" data-id=\"57ec3e29\" data-element_type=\"column\">\n\t\t\t<div class=\"elementor-widget-wrap elementor-element-populated\">\n\t\t\t\t\t\t<div class=\"elementor-element elementor-element-448ddb36 elementor-widget elementor-widget-heading\" data-id=\"448ddb36\" data-element_type=\"widget\" data-widget_type=\"heading.default\">\n\t\t\t\t<div class=\"elementor-widget-container\">\n\t\t\t\t\t<h1 class=\"elementor-heading-title elementor-size-default\">Biografia<\/h1>\t\t\t\t<\/div>\n\t\t\t\t<\/div>\n\t\t\t\t\t<\/div>\n\t\t<\/div>\n\t\t\t\t\t<\/div>\n\t\t<\/section>\n\t\t<div class=\"elementor-element elementor-element-0fe625f e-flex e-con-boxed e-con e-parent\" data-id=\"0fe625f\" data-element_type=\"container\">\n\t\t\t\t\t<div class=\"e-con-inner\">\n\t\t\t\t<div class=\"elementor-element elementor-element-8778579 elementor-widget elementor-widget-heading\" data-id=\"8778579\" data-element_type=\"widget\" data-widget_type=\"heading.default\">\n\t\t\t\t<div class=\"elementor-widget-container\">\n\t\t\t\t\t<h2 class=\"elementor-heading-title elementor-size-default\">Dal palcoscenico alla Toscana \u2013 La straordinaria vita di Laura Graham<\/h2>\t\t\t\t<\/div>\n\t\t\t\t<\/div>\n\t\t\t\t<div class=\"elementor-element elementor-element-4eb41bd elementor-widget elementor-widget-text-editor\" data-id=\"4eb41bd\" data-element_type=\"widget\" data-widget_type=\"text-editor.default\">\n\t\t\t\t<div class=\"elementor-widget-container\">\n\t\t\t\t\t\t\t\t\t<p>Laura Graham \u00e8 nata a Londra il 28 luglio 1946.<br>Attrice di grande talento, si \u00e8 formata alla London Academy of Music and Dramatic Art e si \u00e8 esibita al Royal National Theatre. Nel corso della sua carriera ha lavorato accanto a figure di fama internazionale come Donald Sutherland, Michael York, Vanessa Redgrave, Rex Harrison, David Innes e Franco Zeffirelli. <\/p><p>Ha condiviso profonde amicizie con molti artisti, tra cui la celebre violinista Rimma Sushanskaya e l\u2019attore David Hargreaves con la moglie Chloe Ashcroft, nipote della leggendaria Peggy Ashcroft.<\/p><p>Dopo una carriera di successo sul palcoscenico e in televisione, Laura ha rivolto la sua attenzione alla scrittura. Come ha ricordato una volta:<br>\u00abMolti anni fa avevo investito un po\u2019 di soldi in un casale in cima a una collina in Toscana, senza mai immaginare che un giorno ci avrei vissuto. Speravo che un rifugio toscano mi avrebbe offerto tranquillit\u00e0. Ma niente affatto!\u00bb <\/p><p>Attratta dalla sua bellezza e dal suo mistero, Laura si innamor\u00f2 di Sinalunga \u2013 un borgo toscano incastonato tra la Val di Chiana e le Crete Senesi \u2013 dove ha vissuto per trentatr\u00e9 anni insieme al pittore Rosalbo Zacchei.<br>\u00ab\u00c8 stata la cosa pi\u00f9 spaventosa che abbia mai fatto: venire qui da sola e con pochissimi soldi. Ma \u00e8 stata la migliore. Un\u2019avventura che dura tutta la vita!\u00bb <\/p><p>In Toscana ha iniziato a scrivere con passione e sincerit\u00e0, ispirandosi alla terra, alla sua gente e al proprio percorso straordinario.<br>\u00abSopravvivere nei primi tempi affittando la mia camera e facendo B&amp;B mentre io dormivo sotto la scrivania del minuscolo soggiorno non \u00e8 stato facile. Ma era qualcosa che sentivo di dover fare.\u00bb <\/p><p>Con il tempo, lei e Rosalbo hanno restaurato una spaziosa casa nel centro del paese e costruito insieme una nuova vita.<br>\u00abUna delle cose pi\u00f9 tristi \u00e8 guardarsi indietro con rimpianto e dire: se solo avessi fatto questo o quello. La cosa fondamentale \u00e8 farlo finch\u00e9 si ha ancora l\u2019energia.\u00bb <\/p><p>Ha coltivato il sogno di scrivere libri per bambini e ha pubblicato Down a Tuscan Alley con Solstice Publications.<\/p><p>Laura \u00e8 scomparsa il 3 dicembre 2024, prima di completare la sua opera finale: &#8220;Learning to Fly&#8221;.<\/p>\t\t\t\t\t\t\t\t<\/div>\n\t\t\t\t<\/div>\n\t\t\t\t\t<\/div>\n\t\t\t\t<\/div>\n\t\t<div class=\"elementor-element elementor-element-02c7772 e-flex e-con-boxed e-con e-parent\" data-id=\"02c7772\" data-element_type=\"container\">\n\t\t\t\t\t<div class=\"e-con-inner\">\n\t\t<div class=\"elementor-element elementor-element-a2e493a e-con-full e-flex e-con e-child\" data-id=\"a2e493a\" data-element_type=\"container\">\n\t\t\t\t<div class=\"elementor-element elementor-element-5a87851 elementor-widget elementor-widget-image\" data-id=\"5a87851\" data-element_type=\"widget\" data-widget_type=\"image.default\">\n\t\t\t\t<div class=\"elementor-widget-container\">\n\t\t\t\t\t\t\t\t\t\t\t\t\t\t\t<img fetchpriority=\"high\" decoding=\"async\" width=\"542\" height=\"382\" src=\"https:\/\/lauragraham.co.uk\/2020_v1_dev1\/wp-content\/uploads\/2020\/05\/mndream.jpg\" class=\"attachment-full size-full wp-image-701\" alt=\"\" srcset=\"https:\/\/lauragraham.co.uk\/2020_v1_dev1\/wp-content\/uploads\/2020\/05\/mndream.jpg 542w, https:\/\/lauragraham.co.uk\/2020_v1_dev1\/wp-content\/uploads\/2020\/05\/mndream-300x211.jpg 300w\" sizes=\"(max-width: 542px) 100vw, 542px\" \/>\t\t\t\t\t\t\t\t\t\t\t\t\t\t\t<\/div>\n\t\t\t\t<\/div>\n\t\t\t\t<div class=\"elementor-element elementor-element-8e799a9 elementor-widget elementor-widget-heading\" data-id=\"8e799a9\" data-element_type=\"widget\" data-widget_type=\"heading.default\">\n\t\t\t\t<div class=\"elementor-widget-container\">\n\t\t\t\t\t<p class=\"elementor-heading-title elementor-size-default\">Nel ruolo di Titania in \"Sogno di una notte di mezza estate\" al Regent's Park Open Air Theatre, 1974<\/p>\t\t\t\t<\/div>\n\t\t\t\t<\/div>\n\t\t\t\t<\/div>\n\t\t<div class=\"elementor-element elementor-element-298b5d1 e-con-full e-flex e-con e-child\" data-id=\"298b5d1\" data-element_type=\"container\">\n\t\t\t\t<div class=\"elementor-element elementor-element-28646dc elementor-widget elementor-widget-image\" data-id=\"28646dc\" data-element_type=\"widget\" data-widget_type=\"image.default\">\n\t\t\t\t<div class=\"elementor-widget-container\">\n\t\t\t\t\t\t\t\t\t\t\t\t\t\t\t<img decoding=\"async\" width=\"269\" height=\"420\" src=\"https:\/\/lauragraham.co.uk\/2020_v1_dev1\/wp-content\/uploads\/2020\/05\/yovic.jpg\" class=\"attachment-full size-full wp-image-702\" alt=\"\" srcset=\"https:\/\/lauragraham.co.uk\/2020_v1_dev1\/wp-content\/uploads\/2020\/05\/yovic.jpg 269w, https:\/\/lauragraham.co.uk\/2020_v1_dev1\/wp-content\/uploads\/2020\/05\/yovic-192x300.jpg 192w\" sizes=\"(max-width: 269px) 100vw, 269px\" \/>\t\t\t\t\t\t\t\t\t\t\t\t\t\t\t<\/div>\n\t\t\t\t<\/div>\n\t\t\t\t<div class=\"elementor-element elementor-element-d37d8cd elementor-widget elementor-widget-heading\" data-id=\"d37d8cd\" data-element_type=\"widget\" data-widget_type=\"heading.default\">\n\t\t\t\t<div class=\"elementor-widget-container\">\n\t\t\t\t\t<p class=\"elementor-heading-title elementor-size-default\">Nel ruolo di Tekla in \"Creditori\" di Strindberg al Young Vic, 1976<\/p>\t\t\t\t<\/div>\n\t\t\t\t<\/div>\n\t\t\t\t<\/div>\n\t\t<div class=\"elementor-element elementor-element-ed51b2c e-con-full e-flex e-con e-child\" data-id=\"ed51b2c\" data-element_type=\"container\">\n\t\t\t\t<div class=\"elementor-element elementor-element-1eb1d32 elementor-widget elementor-widget-image\" data-id=\"1eb1d32\" data-element_type=\"widget\" data-widget_type=\"image.default\">\n\t\t\t\t<div class=\"elementor-widget-container\">\n\t\t\t\t\t\t\t\t\t\t\t\t\t\t\t<img decoding=\"async\" width=\"291\" height=\"430\" src=\"https:\/\/lauragraham.co.uk\/2020_v1_dev1\/wp-content\/uploads\/2020\/05\/pubpic.jpg\" class=\"attachment-full size-full wp-image-703\" alt=\"\" srcset=\"https:\/\/lauragraham.co.uk\/2020_v1_dev1\/wp-content\/uploads\/2020\/05\/pubpic.jpg 291w, https:\/\/lauragraham.co.uk\/2020_v1_dev1\/wp-content\/uploads\/2020\/05\/pubpic-203x300.jpg 203w\" sizes=\"(max-width: 291px) 100vw, 291px\" \/>\t\t\t\t\t\t\t\t\t\t\t\t\t\t\t<\/div>\n\t\t\t\t<\/div>\n\t\t\t\t<div class=\"elementor-element elementor-element-8f50b6e elementor-widget elementor-widget-heading\" data-id=\"8f50b6e\" data-element_type=\"widget\" data-widget_type=\"heading.default\">\n\t\t\t\t<div class=\"elementor-widget-container\">\n\t\t\t\t\t<p class=\"elementor-heading-title elementor-size-default\">Foto promozionale per un film, 1973<\/p>\t\t\t\t<\/div>\n\t\t\t\t<\/div>\n\t\t\t\t<\/div>\n\t\t\t\t\t<\/div>\n\t\t\t\t<\/div>\n\t\t<div class=\"elementor-element elementor-element-f2ba9c1 e-flex e-con-boxed e-con e-parent\" data-id=\"f2ba9c1\" data-element_type=\"container\">\n\t\t\t\t\t<div class=\"e-con-inner\">\n\t\t\t\t<div class=\"elementor-element elementor-element-b54f008 elementor-widget elementor-widget-heading\" data-id=\"b54f008\" data-element_type=\"widget\" data-widget_type=\"heading.default\">\n\t\t\t\t<div class=\"elementor-widget-container\">\n\t\t\t\t\t<h2 class=\"elementor-heading-title elementor-size-default\">Intervista per il Corriere di Siena<\/h2>\t\t\t\t<\/div>\n\t\t\t\t<\/div>\n\t\t\t\t<div class=\"elementor-element elementor-element-1e566d8 elementor-widget elementor-widget-text-editor\" data-id=\"1e566d8\" data-element_type=\"widget\" data-widget_type=\"text-editor.default\">\n\t\t\t\t<div class=\"elementor-widget-container\">\n\t\t\t\t\t\t\t\t\t<p>Sinalunga \u2013 Una bellissima casa nel centro storico, con terrazza panoramica affacciata su tutta la Val di Chiana, \u00e8 diventata il rifugio di Laura Graham, attrice di successo per molti anni in Inghilterra e collega di attori come Donald Sutherland e Michael York. Laura ha scelto la Toscana come residenza e fonte d\u2019ispirazione per coltivare una passione che l\u2019ha accompagnata per tutta la vita: la scrittura. <\/p>\n<p><b>Laura, come ha scoperto Sinalunga?<\/b><\/p>\n<p>Avevo un buon amico a Londra, Armando Pezzuolo, che aveva un minuscolo appartamento in vendita a Sinalunga. Ho fatto il grande passo e l\u2019ho comprato. Quando \u00e8 finita la lunga relazione con il mio ex compagno, ho sentito il bisogno di cambiare vita, e Vicolo Della Mura a Sinalunga mi \u00e8 sembrato il posto ideale da cui ripartire.  <\/p>\n<p><b>Ha avuto bisogno di tempo per ambientarsi?<\/b><\/p>\n<p>Quando sono arrivata in Italia non conoscevo quasi nessuno, e solo una persona nel paese parlava inglese. Parlavo pochissimo italiano, ma ho chiesto agli abitanti del luogo di avere pazienza con me, e loro me l\u2019hanno concessa con generosit\u00e0 e gentilezza, aiutandomi ad ambientarmi. <\/p>\n<p><b>Dopo aver vissuto a Londra, non le manca la vita di citt\u00e0?<\/b><\/p>\n<p>Non molto, in realt\u00e0. Qui apprezzo la tranquillit\u00e0 e il senso di appartenenza a una piccola comunit\u00e0 italiana. Il segreto \u00e8 viaggiare: almeno due o tre volte l\u2019anno torno a Londra o negli Stati Uniti. E da Sinalunga si possono raggiungere facilmente Roma, Firenze e Siena. Ho vissuto per sei anni su una piccola isola nelle Ebridi, e porto ancora dentro di me la bellezza isolata e selvaggia di quel luogo. Insieme all\u2019energia di questa terra, \u00e8 da l\u00ec che traggo la forza e l\u2019ispirazione per scrivere.     <\/p>\n<p><b>Com\u2019\u00e8 nato il suo amore per il teatro?<\/b><\/p>\n<p>Fin da bambina creavo mondi immaginari in cui interpretavo tutti i personaggi. Poi, un Natale, mi portarono a vedere una pantomima e mi innamorai di tutti gli attori: desideravo essere sul palco con loro. A diciott\u2019anni vinsi una borsa di studio per la LAMDA, dove studiai per due anni, per poi approdare direttamente all\u2019Old Vic, al Young Vic e al Royal Court Theatre.  <\/p>\n<p><b>Cosa l\u2019ha spinta a scrivere?<\/b><\/p>\n<p>Il bisogno di mettere su carta pensieri ed emozioni. Ho sempre voluto scrivere. Quando mi sono sposata ho lasciato il teatro, e la scrittura \u00e8 diventata il mio sbocco creativo ideale.  <\/p>\n<p><b>Come ha avuto inizio la sua agenzia Laura\u2019s Houses?<\/b><\/p>\n<p>Proprio come racconto nel mio romanzo: affittavo la mia camera e il bagno, mentre dormivo nel soggiorno. Era l\u2019unico modo che avevo per guadagnarmi da vivere. Poi, con il tempo, alcune persone mi hanno affidato le loro case e ho potuto costruire un\u2019attivit\u00e0. Oggi gestisco cinque case nel centro storico di Sinalunga, due delle quali sono mie. Ho recentemente comprato un altro casale che il mio compagno Rosalbo sta ristrutturando.    <\/p>\n<p><b>Ci parli del suo libro<\/b><\/p>\n<p>Si intitola \u201cDown a Tuscan Alley\u201d, proprio come il vicolo del centro storico di Sinalunga dove tutto \u00e8 cominciato. Racconta la storia di una donna quasi cinquantenne che, alla fine di una lunga relazione, si trasferisce in Toscana alla ricerca di una nuova vita. Proprio come ho fatto io. L\u2019aspetto autobiografico \u00e8 stato un buon punto di partenza, perch\u00e9 \u00e8 pi\u00f9 facile scrivere di ci\u00f2 che si conosce.  <\/p>\n<p><b>Come inizia una sua giornata di scrittura?<\/b><\/p>\n<p>Se sto iniziando un nuovo progetto, esco presto con il mio quaderno e le penne e mi siedo in un bar. Lascio che la prima bozza fluisca liberamente sulla pagina \u2013 di solito \u00e8 spazzatura \u2013 ma almeno c\u2019\u00e8 qualcosa su cui lavorare. I succhi della scrittura cominciano a scorrere, e da l\u00ec, se va bene, nasce una storia. <\/p>\n<p><b>Chi sono i suoi autori preferiti?<\/b><\/p>\n<p>George Orwell, Iris Murdoch, Ian McEwan, Donna Tartt, Alice Hoffman, per citarne alcuni. Ma di recente ho scoperto e apprezzato anche Carlos Ruiz Zafron e Sara Dunant. <\/p>\n<p><b>Questo \u00e8 il suo primo libro?<\/b><\/p>\n<p>S\u00ec. Anche se in passato ho scritto altri romanzi, non li avevo mai fatti leggere a nessuno. Fino ad ora!  <\/p>\n<p><b>Ha gi\u00e0 un\u2019idea per il prossimo libro?<\/b><\/p>\n<p>S\u00ec, sono gi\u00e0 a met\u00e0 della prima stesura. \u00c8 ambientato in Umbria, ma non ha ancora un titolo. <\/p>\n<p><b>Qual \u00e8 il passo pi\u00f9 importante nella scrittura?<\/b><\/p>\n<p>Scrivere. Semplice cos\u00ec. Parlare di scrittura \u00e8 facile, farlo davvero \u00e8 tutta un\u2019altra cosa. E finire ci\u00f2 che si \u00e8 iniziato \u2013 non si sa mai dove quel viaggio potr\u00e0 portarti.   <\/p>\n<p><b>Ha mai sognato di fare altro?<\/b><\/p>\n<p>Avevo un sogno: trovare il modo di vivere in Toscana e scrivere. Quel sogno \u00e8 diventato realt\u00e0. Non posso chiedere di pi\u00f9.  <\/p>\n<p><em>Stefania Viti<\/em><\/p>\t\t\t\t\t\t\t\t<\/div>\n\t\t\t\t<\/div>\n\t\t\t\t\t<\/div>\n\t\t\t\t<\/div>\n\t\t\t\t<\/div>\n\t\t","protected":false},"excerpt":{"rendered":"<p>Dal palcoscenico alla Toscana \u2013 La straordinaria vita di Laura Graham Laura Graham \u00e8 nata a Londra il 28 luglio 1946.Attrice di grande talento, si \u00e8 formata alla London Academy of Music and Dramatic Art e si \u00e8 esibita al Royal National Theatre. Nel corso della sua carriera ha lavorato accanto a figure di fama [&hellip;]<\/p>\n","protected":false},"author":1,"featured_media":0,"parent":0,"menu_order":0,"comment_status":"closed","ping_status":"closed","template":"","meta":{"footnotes":""},"class_list":["post-744","page","type-page","status-publish","hentry"],"yoast_head":"<!-- This site is optimized with the Yoast SEO plugin v25.4 - https:\/\/yoast.com\/wordpress\/plugins\/seo\/ -->\n<title>Biografia - Laura Graham<\/title>\n<meta name=\"robots\" content=\"index, follow, max-snippet:-1, max-image-preview:large, max-video-preview:-1\" \/>\n<link rel=\"canonical\" href=\"https:\/\/lauragraham.co.uk\/it\/biografia\/\" \/>\n<meta property=\"og:locale\" content=\"it_IT\" \/>\n<meta property=\"og:type\" content=\"article\" \/>\n<meta property=\"og:title\" content=\"Biografia - Laura Graham\" \/>\n<meta property=\"og:description\" content=\"Dal palcoscenico alla Toscana \u2013 La straordinaria vita di Laura Graham Laura Graham \u00e8 nata a Londra il 28 luglio 1946.Attrice di grande talento, si \u00e8 formata alla London Academy of Music and Dramatic Art e si \u00e8 esibita al Royal National Theatre. Nel corso della sua carriera ha lavorato accanto a figure di fama [&hellip;]\" \/>\n<meta property=\"og:url\" content=\"https:\/\/lauragraham.co.uk\/it\/biografia\/\" \/>\n<meta property=\"og:site_name\" content=\"Laura Graham\" \/>\n<meta property=\"article:modified_time\" content=\"2025-07-15T06:20:49+00:00\" \/>\n<meta property=\"og:image\" content=\"https:\/\/lauragraham.co.uk\/2020_v1_dev1\/wp-content\/uploads\/2020\/05\/mndream.jpg\" \/>\n\t<meta property=\"og:image:width\" content=\"542\" \/>\n\t<meta property=\"og:image:height\" content=\"382\" \/>\n\t<meta property=\"og:image:type\" content=\"image\/jpeg\" \/>\n<meta name=\"twitter:card\" content=\"summary_large_image\" \/>\n<meta name=\"twitter:label1\" content=\"Tempo di lettura stimato\" \/>\n\t<meta name=\"twitter:data1\" content=\"6 minuti\" \/>\n<script type=\"application\/ld+json\" class=\"yoast-schema-graph\">{\"@context\":\"https:\/\/schema.org\",\"@graph\":[{\"@type\":\"WebPage\",\"@id\":\"https:\/\/lauragraham.co.uk\/it\/biografia\/\",\"url\":\"https:\/\/lauragraham.co.uk\/it\/biografia\/\",\"name\":\"Biografia - Laura Graham\",\"isPartOf\":{\"@id\":\"https:\/\/lauragraham.co.uk\/it\/#website\"},\"primaryImageOfPage\":{\"@id\":\"https:\/\/lauragraham.co.uk\/it\/biografia\/#primaryimage\"},\"image\":{\"@id\":\"https:\/\/lauragraham.co.uk\/it\/biografia\/#primaryimage\"},\"thumbnailUrl\":\"https:\/\/lauragraham.co.uk\/2020_v1_dev1\/wp-content\/uploads\/2020\/05\/mndream.jpg\",\"datePublished\":\"2020-05-22T06:23:15+00:00\",\"dateModified\":\"2025-07-15T06:20:49+00:00\",\"breadcrumb\":{\"@id\":\"https:\/\/lauragraham.co.uk\/it\/biografia\/#breadcrumb\"},\"inLanguage\":\"it-IT\",\"potentialAction\":[{\"@type\":\"ReadAction\",\"target\":[\"https:\/\/lauragraham.co.uk\/it\/biografia\/\"]}]},{\"@type\":\"ImageObject\",\"inLanguage\":\"it-IT\",\"@id\":\"https:\/\/lauragraham.co.uk\/it\/biografia\/#primaryimage\",\"url\":\"https:\/\/lauragraham.co.uk\/2020_v1_dev1\/wp-content\/uploads\/2020\/05\/mndream.jpg\",\"contentUrl\":\"https:\/\/lauragraham.co.uk\/2020_v1_dev1\/wp-content\/uploads\/2020\/05\/mndream.jpg\"},{\"@type\":\"BreadcrumbList\",\"@id\":\"https:\/\/lauragraham.co.uk\/it\/biografia\/#breadcrumb\",\"itemListElement\":[{\"@type\":\"ListItem\",\"position\":1,\"name\":\"Home\",\"item\":\"https:\/\/lauragraham.co.uk\/it\/home\/\"},{\"@type\":\"ListItem\",\"position\":2,\"name\":\"Biografia\"}]},{\"@type\":\"WebSite\",\"@id\":\"https:\/\/lauragraham.co.uk\/it\/#website\",\"url\":\"https:\/\/lauragraham.co.uk\/it\/\",\"name\":\"Laura Graham\",\"description\":\"Actress and Writer\",\"publisher\":{\"@id\":\"https:\/\/lauragraham.co.uk\/it\/#organization\"},\"potentialAction\":[{\"@type\":\"SearchAction\",\"target\":{\"@type\":\"EntryPoint\",\"urlTemplate\":\"https:\/\/lauragraham.co.uk\/it\/?s={search_term_string}\"},\"query-input\":{\"@type\":\"PropertyValueSpecification\",\"valueRequired\":true,\"valueName\":\"search_term_string\"}}],\"inLanguage\":\"it-IT\"},{\"@type\":\"Organization\",\"@id\":\"https:\/\/lauragraham.co.uk\/it\/#organization\",\"name\":\"Laura Graham\",\"url\":\"https:\/\/lauragraham.co.uk\/it\/\",\"logo\":{\"@type\":\"ImageObject\",\"inLanguage\":\"it-IT\",\"@id\":\"https:\/\/lauragraham.co.uk\/it\/#\/schema\/logo\/image\/\",\"url\":\"https:\/\/lauragraham.co.uk\/2020_v1_dev1\/wp-content\/uploads\/2020\/05\/600x167.png\",\"contentUrl\":\"https:\/\/lauragraham.co.uk\/2020_v1_dev1\/wp-content\/uploads\/2020\/05\/600x167.png\",\"width\":600,\"height\":167,\"caption\":\"Laura Graham\"},\"image\":{\"@id\":\"https:\/\/lauragraham.co.uk\/it\/#\/schema\/logo\/image\/\"}}]}<\/script>\n<!-- \/ Yoast SEO plugin. -->","yoast_head_json":{"title":"Biografia - Laura Graham","robots":{"index":"index","follow":"follow","max-snippet":"max-snippet:-1","max-image-preview":"max-image-preview:large","max-video-preview":"max-video-preview:-1"},"canonical":"https:\/\/lauragraham.co.uk\/it\/biografia\/","og_locale":"it_IT","og_type":"article","og_title":"Biografia - Laura Graham","og_description":"Dal palcoscenico alla Toscana \u2013 La straordinaria vita di Laura Graham Laura Graham \u00e8 nata a Londra il 28 luglio 1946.Attrice di grande talento, si \u00e8 formata alla London Academy of Music and Dramatic Art e si \u00e8 esibita al Royal National Theatre. Nel corso della sua carriera ha lavorato accanto a figure di fama [&hellip;]","og_url":"https:\/\/lauragraham.co.uk\/it\/biografia\/","og_site_name":"Laura Graham","article_modified_time":"2025-07-15T06:20:49+00:00","og_image":[{"width":542,"height":382,"url":"https:\/\/lauragraham.co.uk\/2020_v1_dev1\/wp-content\/uploads\/2020\/05\/mndream.jpg","type":"image\/jpeg"}],"twitter_card":"summary_large_image","twitter_misc":{"Tempo di lettura stimato":"6 minuti"},"schema":{"@context":"https:\/\/schema.org","@graph":[{"@type":"WebPage","@id":"https:\/\/lauragraham.co.uk\/it\/biografia\/","url":"https:\/\/lauragraham.co.uk\/it\/biografia\/","name":"Biografia - Laura Graham","isPartOf":{"@id":"https:\/\/lauragraham.co.uk\/it\/#website"},"primaryImageOfPage":{"@id":"https:\/\/lauragraham.co.uk\/it\/biografia\/#primaryimage"},"image":{"@id":"https:\/\/lauragraham.co.uk\/it\/biografia\/#primaryimage"},"thumbnailUrl":"https:\/\/lauragraham.co.uk\/2020_v1_dev1\/wp-content\/uploads\/2020\/05\/mndream.jpg","datePublished":"2020-05-22T06:23:15+00:00","dateModified":"2025-07-15T06:20:49+00:00","breadcrumb":{"@id":"https:\/\/lauragraham.co.uk\/it\/biografia\/#breadcrumb"},"inLanguage":"it-IT","potentialAction":[{"@type":"ReadAction","target":["https:\/\/lauragraham.co.uk\/it\/biografia\/"]}]},{"@type":"ImageObject","inLanguage":"it-IT","@id":"https:\/\/lauragraham.co.uk\/it\/biografia\/#primaryimage","url":"https:\/\/lauragraham.co.uk\/2020_v1_dev1\/wp-content\/uploads\/2020\/05\/mndream.jpg","contentUrl":"https:\/\/lauragraham.co.uk\/2020_v1_dev1\/wp-content\/uploads\/2020\/05\/mndream.jpg"},{"@type":"BreadcrumbList","@id":"https:\/\/lauragraham.co.uk\/it\/biografia\/#breadcrumb","itemListElement":[{"@type":"ListItem","position":1,"name":"Home","item":"https:\/\/lauragraham.co.uk\/it\/home\/"},{"@type":"ListItem","position":2,"name":"Biografia"}]},{"@type":"WebSite","@id":"https:\/\/lauragraham.co.uk\/it\/#website","url":"https:\/\/lauragraham.co.uk\/it\/","name":"Laura Graham","description":"Actress and Writer","publisher":{"@id":"https:\/\/lauragraham.co.uk\/it\/#organization"},"potentialAction":[{"@type":"SearchAction","target":{"@type":"EntryPoint","urlTemplate":"https:\/\/lauragraham.co.uk\/it\/?s={search_term_string}"},"query-input":{"@type":"PropertyValueSpecification","valueRequired":true,"valueName":"search_term_string"}}],"inLanguage":"it-IT"},{"@type":"Organization","@id":"https:\/\/lauragraham.co.uk\/it\/#organization","name":"Laura Graham","url":"https:\/\/lauragraham.co.uk\/it\/","logo":{"@type":"ImageObject","inLanguage":"it-IT","@id":"https:\/\/lauragraham.co.uk\/it\/#\/schema\/logo\/image\/","url":"https:\/\/lauragraham.co.uk\/2020_v1_dev1\/wp-content\/uploads\/2020\/05\/600x167.png","contentUrl":"https:\/\/lauragraham.co.uk\/2020_v1_dev1\/wp-content\/uploads\/2020\/05\/600x167.png","width":600,"height":167,"caption":"Laura Graham"},"image":{"@id":"https:\/\/lauragraham.co.uk\/it\/#\/schema\/logo\/image\/"}}]}},"_links":{"self":[{"href":"https:\/\/lauragraham.co.uk\/it\/wp-json\/wp\/v2\/pages\/744","targetHints":{"allow":["GET"]}}],"collection":[{"href":"https:\/\/lauragraham.co.uk\/it\/wp-json\/wp\/v2\/pages"}],"about":[{"href":"https:\/\/lauragraham.co.uk\/it\/wp-json\/wp\/v2\/types\/page"}],"author":[{"embeddable":true,"href":"https:\/\/lauragraham.co.uk\/it\/wp-json\/wp\/v2\/users\/1"}],"replies":[{"embeddable":true,"href":"https:\/\/lauragraham.co.uk\/it\/wp-json\/wp\/v2\/comments?post=744"}],"version-history":[{"count":1,"href":"https:\/\/lauragraham.co.uk\/it\/wp-json\/wp\/v2\/pages\/744\/revisions"}],"predecessor-version":[{"id":745,"href":"https:\/\/lauragraham.co.uk\/it\/wp-json\/wp\/v2\/pages\/744\/revisions\/745"}],"wp:attachment":[{"href":"https:\/\/lauragraham.co.uk\/it\/wp-json\/wp\/v2\/media?parent=744"}],"curies":[{"name":"wp","href":"https:\/\/api.w.org\/{rel}","templated":true}]}}